{"id":31895,"date":"2023-04-21T10:36:05","date_gmt":"2023-04-21T10:36:05","guid":{"rendered":"https:\/\/theme-dev.cmsmasters.net\/church-main\/product\/training-t-shirt\/"},"modified":"2025-11-05T01:45:41","modified_gmt":"2025-11-05T01:45:41","slug":"trainings-t-shirt","status":"publish","type":"product","link":"https:\/\/fixprice.eg\/de\/product\/trainings-t-shirt\/","title":{"rendered":"Trainings-T-Shirt"},"content":{"rendered":"<p>Jeder versteht, warum eine neue gemeinsame Sprache w\u00fcnschenswert w\u00e4re: Man k\u00f6nnte auf teure \u00dcbersetzer verzichten. Um dies zu erreichen, w\u00e4ren eine einheitliche Grammatik, Aussprache und mehr gemeinsame W\u00f6rter erforderlich. Wenn mehrere Sprachen verschmelzen, ist die Grammatik der daraus entstehenden Sprache einfacher und regelm\u00e4\u00dfiger als die der einzelnen Sprachen. Die neue gemeinsame Sprache wird einfacher und regelm\u00e4\u00dfiger sein als die bestehenden europ\u00e4ischen Sprachen. Sie wird so einfach sein wie Occidental; tats\u00e4chlich wird sie Occidental sein. F\u00fcr einen Engl\u00e4nder wird sie wie vereinfachtes Englisch erscheinen, wie mir ein skeptischer Freund aus Cambridge erkl\u00e4rte, als ich ihn fragte, was Occidental ist. Die europ\u00e4ischen Sprachen geh\u00f6ren zur selben Familie. Ihre getrennte Existenz ist ein Mythos. In Wissenschaft, Musik, Sport usw. verwendet Europa dasselbe Vokabular. Die europ\u00e4ischen Sprachen geh\u00f6ren zur selben Familie.<\/p>","protected":false},"excerpt":{"rendered":"<p>Es besteht aus leistungsstarken Materialien und gew\u00e4hrleistet Flexibilit\u00e4t, schnelle Trocknung und Bewegungsfreiheit. Perfekt f\u00fcr das Training im Fitnessstudio, beim Laufen und f\u00fcr alle Arten von Training.<\/p>","protected":false},"featured_media":47242,"comment_status":"open","ping_status":"closed","template":"","meta":{"_acf_changed":false},"product_brand":[],"product_cat":[56],"product_tag":[58,88],"class_list":{"0":"post-31895","1":"product","2":"type-product","3":"status-publish","4":"has-post-thumbnail","6":"product_cat-clothes","7":"product_tag-cotton","8":"product_tag-sale","10":"first","11":"outofstock","12":"sale","13":"shipping-taxable","14":"purchasable","15":"product-type-variable","16":"has-default-attributes"},"acf":[],"_links":{"self":[{"href":"https:\/\/fixprice.eg\/de\/wp-json\/wp\/v2\/product\/31895","targetHints":{"allow":["GET"]}}],"collection":[{"href":"https:\/\/fixprice.eg\/de\/wp-json\/wp\/v2\/product"}],"about":[{"href":"https:\/\/fixprice.eg\/de\/wp-json\/wp\/v2\/types\/product"}],"replies":[{"embeddable":true,"href":"https:\/\/fixprice.eg\/de\/wp-json\/wp\/v2\/comments?post=31895"}],"wp:featuredmedia":[{"embeddable":true,"href":"https:\/\/fixprice.eg\/de\/wp-json\/wp\/v2\/media\/47242"}],"wp:attachment":[{"href":"https:\/\/fixprice.eg\/de\/wp-json\/wp\/v2\/media?parent=31895"}],"wp:term":[{"taxonomy":"product_brand","embeddable":true,"href":"https:\/\/fixprice.eg\/de\/wp-json\/wp\/v2\/product_brand?post=31895"},{"taxonomy":"product_cat","embeddable":true,"href":"https:\/\/fixprice.eg\/de\/wp-json\/wp\/v2\/product_cat?post=31895"},{"taxonomy":"product_tag","embeddable":true,"href":"https:\/\/fixprice.eg\/de\/wp-json\/wp\/v2\/product_tag?post=31895"}],"curies":[{"name":"wp","href":"https:\/\/api.w.org\/{rel}","templated":true}]}}