{"id":31898,"date":"2023-04-21T10:36:07","date_gmt":"2023-04-21T10:36:07","guid":{"rendered":"https:\/\/theme-dev.cmsmasters.net\/church-main\/product\/sports-shaker-cms\/"},"modified":"2025-11-05T01:45:41","modified_gmt":"2025-11-05T01:45:41","slug":"sportschuttler-cms","status":"publish","type":"product","link":"https:\/\/fixprice.eg\/de\/product\/sportschuttler-cms\/","title":{"rendered":"Sportsch\u00fcttler CMS"},"content":{"rendered":"<p>F\u00fcr Wissenschaft, Musik, Sport usw. Europa verwendet den gleichen Wortschatz. Die Sprachen unterscheiden sich nur in der Grammatik, in der Aussprache und in den gebr\u00e4uchlichsten W\u00f6rtern. Jedem ist klar, warum eine neue gemeinsame Sprache w\u00fcnschenswert w\u00e4re: Man k\u00f6nnte auf die Bezahlung teurer \u00dcbersetzer verzichten. F\u00fcr Wissenschaft, Musik, Sport usw. verwendet Europa denselben Wortschatz. Die Sprachen unterscheiden sich nur in ihrer Grammatik, ihrer Aussprache und ihren gebr\u00e4uchlichsten W\u00f6rtern. Jedem ist klar, warum eine neue gemeinsame Sprache w\u00fcnschenswert w\u00e4re. Um dies zu erreichen, w\u00e4ren eine einheitliche Grammatik, eine einheitliche Aussprache und mehr gemeinsame W\u00f6rter erforderlich. Die neue gemeinsame Sprache wird einfacher sein. Die Sprachen unterscheiden sich nur in ihrer Grammatik, ihrer Aussprache und ihren gebr\u00e4uchlichsten W\u00f6rtern. Jedem ist klar, warum eine neue gemeinsame Sprache w\u00fcnschenswert w\u00e4re.<\/p>","protected":false},"excerpt":{"rendered":"<p>Praktische und haltbare Flasche zum Mischen von Proteinshakes und Nahrungserg\u00e4nzungsmitteln. Ideal f\u00fcr Workouts, Fitnessstudios und einen aktiven Lebensstil.<\/p>","protected":false},"featured_media":47250,"comment_status":"open","ping_status":"closed","template":"","meta":{"_acf_changed":false},"product_brand":[],"product_cat":[49],"product_tag":[61,62,92],"class_list":{"0":"post-31898","1":"product","2":"type-product","3":"status-publish","4":"has-post-thumbnail","6":"product_cat-accessories","7":"product_tag-drink","8":"product_tag-energy","9":"product_tag-sport","11":"first","12":"outofstock","13":"shipping-taxable","14":"purchasable","15":"product-type-variable","16":"has-default-attributes"},"acf":[],"_links":{"self":[{"href":"https:\/\/fixprice.eg\/de\/wp-json\/wp\/v2\/product\/31898","targetHints":{"allow":["GET"]}}],"collection":[{"href":"https:\/\/fixprice.eg\/de\/wp-json\/wp\/v2\/product"}],"about":[{"href":"https:\/\/fixprice.eg\/de\/wp-json\/wp\/v2\/types\/product"}],"replies":[{"embeddable":true,"href":"https:\/\/fixprice.eg\/de\/wp-json\/wp\/v2\/comments?post=31898"}],"wp:featuredmedia":[{"embeddable":true,"href":"https:\/\/fixprice.eg\/de\/wp-json\/wp\/v2\/media\/47250"}],"wp:attachment":[{"href":"https:\/\/fixprice.eg\/de\/wp-json\/wp\/v2\/media?parent=31898"}],"wp:term":[{"taxonomy":"product_brand","embeddable":true,"href":"https:\/\/fixprice.eg\/de\/wp-json\/wp\/v2\/product_brand?post=31898"},{"taxonomy":"product_cat","embeddable":true,"href":"https:\/\/fixprice.eg\/de\/wp-json\/wp\/v2\/product_cat?post=31898"},{"taxonomy":"product_tag","embeddable":true,"href":"https:\/\/fixprice.eg\/de\/wp-json\/wp\/v2\/product_tag?post=31898"}],"curies":[{"name":"wp","href":"https:\/\/api.w.org\/{rel}","templated":true}]}}