{"id":31897,"date":"2023-04-21T10:36:06","date_gmt":"2023-04-21T10:36:06","guid":{"rendered":"https:\/\/theme-dev.cmsmasters.net\/church-main\/product\/cms-notebook\/"},"modified":"2025-11-05T01:45:41","modified_gmt":"2025-11-05T01:45:41","slug":"taccuino-cms","status":"publish","type":"product","link":"https:\/\/fixprice.eg\/it\/product\/taccuino-cms\/","title":{"rendered":"Quaderno CMS"},"content":{"rendered":"<p>Tutti si rendono conto del perch\u00e9 sarebbe auspicabile una nuova lingua comune: si potrebbe rifiutare di pagare costosi traduttori. Per raggiungere questo obiettivo, sarebbe necessario avere una grammatica uniforme, una pronuncia e parole pi\u00f9 comuni. Se diverse lingue si fondono, la grammatica della lingua risultante \u00e8 pi\u00f9 semplice e regolare di quella delle singole lingue. La nuova lingua comune sar\u00e0 pi\u00f9 semplice e regolare delle lingue europee esistenti. Sar\u00e0 semplice come l'Occidentale, anzi, sar\u00e0 Occidentale. A un inglese sembrer\u00e0 un inglese semplificato, come un mio amico scettico di Cambridge mi ha detto cos'\u00e8 l'Occidentale. Le lingue europee fanno parte della stessa famiglia. La loro esistenza separata \u00e8 un mito. Per la scienza, la musica, lo sport, ecc. Le lingue europee fanno parte della stessa famiglia.<\/p>","protected":false},"excerpt":{"rendered":"<p>La copertina resistente e le pagine di alta qualit\u00e0 lo rendono ideale per la scuola, il lavoro o l'uso personale.<\/p>","protected":false},"featured_media":47248,"comment_status":"open","ping_status":"closed","template":"","meta":{"_acf_changed":false},"product_brand":[],"product_cat":[49],"product_tag":[82,86,96],"class_list":{"0":"post-31897","1":"product","2":"type-product","3":"status-publish","4":"has-post-thumbnail","6":"product_cat-accessories","7":"product_tag-office","8":"product_tag-print","9":"product_tag-work","11":"first","12":"instock","13":"shipping-taxable","14":"purchasable","15":"product-type-simple"},"acf":[],"_links":{"self":[{"href":"https:\/\/fixprice.eg\/it\/wp-json\/wp\/v2\/product\/31897","targetHints":{"allow":["GET"]}}],"collection":[{"href":"https:\/\/fixprice.eg\/it\/wp-json\/wp\/v2\/product"}],"about":[{"href":"https:\/\/fixprice.eg\/it\/wp-json\/wp\/v2\/types\/product"}],"replies":[{"embeddable":true,"href":"https:\/\/fixprice.eg\/it\/wp-json\/wp\/v2\/comments?post=31897"}],"wp:featuredmedia":[{"embeddable":true,"href":"https:\/\/fixprice.eg\/it\/wp-json\/wp\/v2\/media\/47248"}],"wp:attachment":[{"href":"https:\/\/fixprice.eg\/it\/wp-json\/wp\/v2\/media?parent=31897"}],"wp:term":[{"taxonomy":"product_brand","embeddable":true,"href":"https:\/\/fixprice.eg\/it\/wp-json\/wp\/v2\/product_brand?post=31897"},{"taxonomy":"product_cat","embeddable":true,"href":"https:\/\/fixprice.eg\/it\/wp-json\/wp\/v2\/product_cat?post=31897"},{"taxonomy":"product_tag","embeddable":true,"href":"https:\/\/fixprice.eg\/it\/wp-json\/wp\/v2\/product_tag?post=31897"}],"curies":[{"name":"wp","href":"https:\/\/api.w.org\/{rel}","templated":true}]}}