{"id":31898,"date":"2023-04-21T10:36:07","date_gmt":"2023-04-21T10:36:07","guid":{"rendered":"https:\/\/theme-dev.cmsmasters.net\/church-main\/product\/sports-shaker-cms\/"},"modified":"2025-11-05T01:45:41","modified_gmt":"2025-11-05T01:45:41","slug":"scuotitore-sportivo-cms","status":"publish","type":"product","link":"https:\/\/fixprice.eg\/it\/product\/scuotitore-sportivo-cms\/","title":{"rendered":"Sport Shaker CMS"},"content":{"rendered":"<p>Per la scienza, la musica, lo sport, ecc. l'Europa utilizza lo stesso vocabolario. Le lingue si differenziano solo per la grammatica, la pronuncia e le parole pi\u00f9 comuni. Tutti capiscono perch\u00e9 sarebbe auspicabile una nuova lingua comune: si potrebbe evitare di pagare costosi traduttori. Per la scienza, la musica, lo sport, ecc. l'Europa usa lo stesso vocabolario. Le lingue differiscono solo per la grammatica, la pronuncia e le parole pi\u00f9 comuni. Tutti capiscono perch\u00e9 sarebbe auspicabile una nuova lingua comune. Per ottenerla, sarebbe necessario avere una grammatica, una pronuncia e un numero di parole comuni uniformi. La nuova lingua comune sar\u00e0 pi\u00f9 semplice. Le lingue si differenziano solo per la grammatica, la pronuncia e le parole pi\u00f9 comuni. Tutti capiscono perch\u00e9 sarebbe auspicabile una nuova lingua comune.<\/p>","protected":false},"excerpt":{"rendered":"<p>Bottiglia comoda e resistente progettata per miscelare frullati di proteine e integratori. Ideale per allenamenti, sessioni in palestra e stili di vita attivi.<\/p>","protected":false},"featured_media":47250,"comment_status":"open","ping_status":"closed","template":"","meta":{"_acf_changed":false},"product_brand":[],"product_cat":[49],"product_tag":[61,62,92],"class_list":{"0":"post-31898","1":"product","2":"type-product","3":"status-publish","4":"has-post-thumbnail","6":"product_cat-accessories","7":"product_tag-drink","8":"product_tag-energy","9":"product_tag-sport","11":"first","12":"outofstock","13":"shipping-taxable","14":"purchasable","15":"product-type-variable","16":"has-default-attributes"},"acf":[],"_links":{"self":[{"href":"https:\/\/fixprice.eg\/it\/wp-json\/wp\/v2\/product\/31898","targetHints":{"allow":["GET"]}}],"collection":[{"href":"https:\/\/fixprice.eg\/it\/wp-json\/wp\/v2\/product"}],"about":[{"href":"https:\/\/fixprice.eg\/it\/wp-json\/wp\/v2\/types\/product"}],"replies":[{"embeddable":true,"href":"https:\/\/fixprice.eg\/it\/wp-json\/wp\/v2\/comments?post=31898"}],"wp:featuredmedia":[{"embeddable":true,"href":"https:\/\/fixprice.eg\/it\/wp-json\/wp\/v2\/media\/47250"}],"wp:attachment":[{"href":"https:\/\/fixprice.eg\/it\/wp-json\/wp\/v2\/media?parent=31898"}],"wp:term":[{"taxonomy":"product_brand","embeddable":true,"href":"https:\/\/fixprice.eg\/it\/wp-json\/wp\/v2\/product_brand?post=31898"},{"taxonomy":"product_cat","embeddable":true,"href":"https:\/\/fixprice.eg\/it\/wp-json\/wp\/v2\/product_cat?post=31898"},{"taxonomy":"product_tag","embeddable":true,"href":"https:\/\/fixprice.eg\/it\/wp-json\/wp\/v2\/product_tag?post=31898"}],"curies":[{"name":"wp","href":"https:\/\/api.w.org\/{rel}","templated":true}]}}