{"id":31899,"date":"2023-04-21T10:36:07","date_gmt":"2023-04-21T10:36:07","guid":{"rendered":"https:\/\/theme-dev.cmsmasters.net\/church-main\/product\/cms-silicone-bracelet\/"},"modified":"2025-11-05T01:45:41","modified_gmt":"2025-11-05T01:45:41","slug":"bracciale-in-silicone-cms","status":"publish","type":"product","link":"https:\/\/fixprice.eg\/it\/product\/bracciale-in-silicone-cms\/","title":{"rendered":"Bracciale in silicone CMS"},"content":{"rendered":"<p>A un inglese sembrer\u00e0 un inglese semplificato, come un mio scettico amico di Cambridge mi ha detto cosa sia l'Occidental. Le lingue differiscono solo per la grammatica, la pronuncia e le parole pi\u00f9 comuni. Tutti capiscono perch\u00e9 una nuova lingua comune sarebbe auspicabile: si potrebbe rifiutare di pagare costosi traduttori. Le lingue europee fanno parte della stessa famiglia. La nuova lingua comune sar\u00e0 pi\u00f9 semplice e regolare delle lingue europee esistenti. Sar\u00e0 semplice come l'Occidentale; anzi, sar\u00e0 Occidentale. A un inglese sembrer\u00e0 un inglese semplificato, come un mio amico scettico di Cambridge mi ha detto che \u00e8 l'Occidentale. Le lingue europee fanno parte della stessa famiglia. La loro esistenza separata \u00e8 un mito. Le lingue europee fanno parte della stessa famiglia. La loro esistenza separata \u00e8 un mito. La loro esistenza separata \u00e8 un mito. Per la scienza, la musica, lo sport, ecc. l'Europa usa lo stesso vocabolario.<\/p>","protected":false},"excerpt":{"rendered":"<p>Comfortable to wear and water-resistant, it&#8217;s perfect for everyday use, events, promotions, or showing support for a cause.<\/p>","protected":false},"featured_media":47254,"comment_status":"open","ping_status":"closed","template":"","meta":{"_acf_changed":false},"product_brand":[],"product_cat":[49],"product_tag":[52,86,91],"class_list":{"0":"post-31899","1":"product","2":"type-product","3":"status-publish","4":"has-post-thumbnail","6":"product_cat-accessories","7":"product_tag-bracelet","8":"product_tag-print","9":"product_tag-silicone","11":"first","12":"outofstock","13":"shipping-taxable","14":"purchasable","15":"product-type-variable","16":"has-default-attributes"},"acf":[],"_links":{"self":[{"href":"https:\/\/fixprice.eg\/it\/wp-json\/wp\/v2\/product\/31899","targetHints":{"allow":["GET"]}}],"collection":[{"href":"https:\/\/fixprice.eg\/it\/wp-json\/wp\/v2\/product"}],"about":[{"href":"https:\/\/fixprice.eg\/it\/wp-json\/wp\/v2\/types\/product"}],"replies":[{"embeddable":true,"href":"https:\/\/fixprice.eg\/it\/wp-json\/wp\/v2\/comments?post=31899"}],"wp:featuredmedia":[{"embeddable":true,"href":"https:\/\/fixprice.eg\/it\/wp-json\/wp\/v2\/media\/47254"}],"wp:attachment":[{"href":"https:\/\/fixprice.eg\/it\/wp-json\/wp\/v2\/media?parent=31899"}],"wp:term":[{"taxonomy":"product_brand","embeddable":true,"href":"https:\/\/fixprice.eg\/it\/wp-json\/wp\/v2\/product_brand?post=31899"},{"taxonomy":"product_cat","embeddable":true,"href":"https:\/\/fixprice.eg\/it\/wp-json\/wp\/v2\/product_cat?post=31899"},{"taxonomy":"product_tag","embeddable":true,"href":"https:\/\/fixprice.eg\/it\/wp-json\/wp\/v2\/product_tag?post=31899"}],"curies":[{"name":"wp","href":"https:\/\/api.w.org\/{rel}","templated":true}]}}