{"id":31895,"date":"2023-04-21T10:36:05","date_gmt":"2023-04-21T10:36:05","guid":{"rendered":"https:\/\/theme-dev.cmsmasters.net\/church-main\/product\/training-t-shirt\/"},"modified":"2025-11-05T01:45:41","modified_gmt":"2025-11-05T01:45:41","slug":"koszulka-treningowa","status":"publish","type":"product","link":"https:\/\/fixprice.eg\/pl\/product\/koszulka-treningowa\/","title":{"rendered":"Koszulka treningowa"},"content":{"rendered":"<p>Ka\u017cdy zdaje sobie spraw\u0119, dlaczego nowy wsp\u00f3lny j\u0119zyk by\u0142by po\u017c\u0105dany: mo\u017cna by odm\u00f3wi\u0107 p\u0142acenia drogim t\u0142umaczom. Aby to osi\u0105gn\u0105\u0107, konieczne by\u0142oby ujednolicenie gramatyki, wymowy i bardziej powszechnych s\u0142\u00f3w. Je\u015bli kilka j\u0119zyk\u00f3w \u0142\u0105czy si\u0119, gramatyka powsta\u0142ego j\u0119zyka jest prostsza i bardziej regularna ni\u017c gramatyka poszczeg\u00f3lnych j\u0119zyk\u00f3w. Nowy wsp\u00f3lny j\u0119zyk b\u0119dzie prostszy i bardziej regularny ni\u017c istniej\u0105ce j\u0119zyki europejskie. B\u0119dzie tak prosty, jak j\u0119zyk zachodni; w rzeczywisto\u015bci b\u0119dzie to j\u0119zyk zachodni. Dla Anglika b\u0119dzie on wygl\u0105da\u0142 jak uproszczony angielski, jak powiedzia\u0142 mi m\u00f3j sceptyczny przyjaciel z Cambridge. J\u0119zyki europejskie s\u0105 cz\u0142onkami tej samej rodziny. Ich odr\u0119bne istnienie jest mitem. W nauce, muzyce, sporcie itp. Europa u\u017cywa tego samego s\u0142ownictwa J\u0119zyki europejskie s\u0105 cz\u0142onkami tej samej rodziny.<\/p>","protected":false},"excerpt":{"rendered":"<p>Wykonana z wysokiej jako\u015bci materia\u0142\u00f3w, zapewnia elastyczno\u015b\u0107, szybkie schni\u0119cie i swobod\u0119 ruch\u00f3w. Idealna na si\u0142owni\u0119, do biegania i wszelkiego rodzaju trening\u00f3w.<\/p>","protected":false},"featured_media":47242,"comment_status":"open","ping_status":"closed","template":"","meta":{"_acf_changed":false},"product_brand":[],"product_cat":[56],"product_tag":[58,88],"class_list":{"0":"post-31895","1":"product","2":"type-product","3":"status-publish","4":"has-post-thumbnail","6":"product_cat-clothes","7":"product_tag-cotton","8":"product_tag-sale","10":"first","11":"outofstock","12":"sale","13":"shipping-taxable","14":"purchasable","15":"product-type-variable","16":"has-default-attributes"},"acf":[],"_links":{"self":[{"href":"https:\/\/fixprice.eg\/pl\/wp-json\/wp\/v2\/product\/31895","targetHints":{"allow":["GET"]}}],"collection":[{"href":"https:\/\/fixprice.eg\/pl\/wp-json\/wp\/v2\/product"}],"about":[{"href":"https:\/\/fixprice.eg\/pl\/wp-json\/wp\/v2\/types\/product"}],"replies":[{"embeddable":true,"href":"https:\/\/fixprice.eg\/pl\/wp-json\/wp\/v2\/comments?post=31895"}],"wp:featuredmedia":[{"embeddable":true,"href":"https:\/\/fixprice.eg\/pl\/wp-json\/wp\/v2\/media\/47242"}],"wp:attachment":[{"href":"https:\/\/fixprice.eg\/pl\/wp-json\/wp\/v2\/media?parent=31895"}],"wp:term":[{"taxonomy":"product_brand","embeddable":true,"href":"https:\/\/fixprice.eg\/pl\/wp-json\/wp\/v2\/product_brand?post=31895"},{"taxonomy":"product_cat","embeddable":true,"href":"https:\/\/fixprice.eg\/pl\/wp-json\/wp\/v2\/product_cat?post=31895"},{"taxonomy":"product_tag","embeddable":true,"href":"https:\/\/fixprice.eg\/pl\/wp-json\/wp\/v2\/product_tag?post=31895"}],"curies":[{"name":"wp","href":"https:\/\/api.w.org\/{rel}","templated":true}]}}