{"id":31900,"date":"2023-04-21T10:36:08","date_gmt":"2023-04-21T10:36:08","guid":{"rendered":"https:\/\/theme-dev.cmsmasters.net\/church-main\/product\/cms-baseball-cap\/"},"modified":"2025-11-05T01:45:41","modified_gmt":"2025-11-05T01:45:41","slug":"czapka-baseballowa-cms","status":"publish","type":"product","link":"https:\/\/fixprice.eg\/pl\/product\/czapka-baseballowa-cms\/","title":{"rendered":"Czapka z daszkiem CMS"},"content":{"rendered":"<p>J\u0119zyki r\u00f3\u017cni\u0105 si\u0119 jedynie gramatyk\u0105, wymow\u0105 i najcz\u0119\u015bciej u\u017cywanymi s\u0142owami. Ka\u017cdy zdaje sobie spraw\u0119, dlaczego nowy wsp\u00f3lny j\u0119zyk by\u0142by po\u017c\u0105dany: mo\u017cna by zrezygnowa\u0107 z op\u0142acania drogich t\u0142umaczy. Aby to osi\u0105gn\u0105\u0107, konieczne by\u0142oby posiadanie jednolitej gramatyki, wymowy i bardziej powszechnych s\u0142\u00f3w. Je\u015bli kilka j\u0119zyk\u00f3w \u0142\u0105czy si\u0119, gramatyka powsta\u0142ego j\u0119zyka jest prostsza i bardziej regularna ni\u017c gramatyka poszczeg\u00f3lnych j\u0119zyk\u00f3w. Nowy wsp\u00f3lny j\u0119zyk b\u0119dzie prostszy i bardziej regularny ni\u017c istniej\u0105ce j\u0119zyki europejskie. B\u0119dzie tak prosty, jak j\u0119zyk zachodni; w rzeczywisto\u015bci b\u0119dzie to j\u0119zyk zachodni. Dla Anglika b\u0119dzie on wygl\u0105da\u0142 jak uproszczony angielski, jak powiedzia\u0142 mi m\u00f3j sceptyczny przyjaciel z Cambridge. J\u0119zyki europejskie s\u0105 cz\u0142onkami tej samej rodziny. Ich odr\u0119bne istnienie jest mitem.<\/p>","protected":false},"excerpt":{"rendered":"<p>Stylish and comfortable headwear. Made from cotton, it&#8217;s perfect for everyday wear, sun protection, and adding a sporty touch to any outfit.<\/p>","protected":false},"featured_media":47257,"comment_status":"open","ping_status":"closed","template":"","meta":{"_acf_changed":false},"product_brand":[],"product_cat":[56],"product_tag":[86,92],"class_list":{"0":"post-31900","1":"product","2":"type-product","3":"status-publish","4":"has-post-thumbnail","6":"product_cat-clothes","7":"product_tag-print","8":"product_tag-sport","10":"first","11":"outofstock","12":"shipping-taxable","13":"purchasable","14":"product-type-variable","15":"has-default-attributes"},"acf":[],"_links":{"self":[{"href":"https:\/\/fixprice.eg\/pl\/wp-json\/wp\/v2\/product\/31900","targetHints":{"allow":["GET"]}}],"collection":[{"href":"https:\/\/fixprice.eg\/pl\/wp-json\/wp\/v2\/product"}],"about":[{"href":"https:\/\/fixprice.eg\/pl\/wp-json\/wp\/v2\/types\/product"}],"replies":[{"embeddable":true,"href":"https:\/\/fixprice.eg\/pl\/wp-json\/wp\/v2\/comments?post=31900"}],"wp:featuredmedia":[{"embeddable":true,"href":"https:\/\/fixprice.eg\/pl\/wp-json\/wp\/v2\/media\/47257"}],"wp:attachment":[{"href":"https:\/\/fixprice.eg\/pl\/wp-json\/wp\/v2\/media?parent=31900"}],"wp:term":[{"taxonomy":"product_brand","embeddable":true,"href":"https:\/\/fixprice.eg\/pl\/wp-json\/wp\/v2\/product_brand?post=31900"},{"taxonomy":"product_cat","embeddable":true,"href":"https:\/\/fixprice.eg\/pl\/wp-json\/wp\/v2\/product_cat?post=31900"},{"taxonomy":"product_tag","embeddable":true,"href":"https:\/\/fixprice.eg\/pl\/wp-json\/wp\/v2\/product_tag?post=31900"}],"curies":[{"name":"wp","href":"https:\/\/api.w.org\/{rel}","templated":true}]}}